{"id":91,"date":"2025-04-30T15:54:13","date_gmt":"2025-04-30T13:54:13","guid":{"rendered":"https:\/\/obergrundhof.at\/?page_id=91"},"modified":"2026-03-10T08:07:20","modified_gmt":"2026-03-10T07:07:20","slug":"buchungsinformationen","status":"publish","type":"page","link":"https:\/\/obergrundhof.at\/en\/unterkunft\/buchungsinformationen\/","title":{"rendered":"Good to know"},"content":{"rendered":"<div class=\"wp-block-cover alignfull is-light intro-cover\"><img loading=\"lazy\" decoding=\"async\" width=\"2500\" height=\"1668\" class=\"wp-block-cover__image-background wp-image-687 size-full\" alt=\"\" src=\"https:\/\/obergrundhof.at\/wp-content\/uploads\/2026\/03\/obergrundhofoutdoorfotosweb54.jpg\" style=\"object-position:82% 10%\" data-object-fit=\"cover\" data-object-position=\"82% 10%\" srcset=\"https:\/\/obergrundhof.at\/wp-content\/uploads\/2026\/03\/obergrundhofoutdoorfotosweb54.jpg 2500w, https:\/\/obergrundhof.at\/wp-content\/uploads\/2026\/03\/obergrundhofoutdoorfotosweb54-1366x911.jpg 1366w, https:\/\/obergrundhof.at\/wp-content\/uploads\/2026\/03\/obergrundhofoutdoorfotosweb54-768x512.jpg 768w, https:\/\/obergrundhof.at\/wp-content\/uploads\/2026\/03\/obergrundhofoutdoorfotosweb54-1536x1025.jpg 1536w, https:\/\/obergrundhof.at\/wp-content\/uploads\/2026\/03\/obergrundhofoutdoorfotosweb54-2048x1366.jpg 2048w, https:\/\/obergrundhof.at\/wp-content\/uploads\/2026\/03\/obergrundhofoutdoorfotosweb54-18x12.jpg 18w, https:\/\/obergrundhof.at\/wp-content\/uploads\/2026\/03\/obergrundhofoutdoorfotosweb54-1980x1321.jpg 1980w, https:\/\/obergrundhof.at\/wp-content\/uploads\/2026\/03\/obergrundhofoutdoorfotosweb54-1280x854.jpg 1280w\" sizes=\"auto, (max-width: 2500px) 100vw, 2500px\" \/><span aria-hidden=\"true\" class=\"wp-block-cover__background has-background-dim-0 has-background-dim\"><\/span><div class=\"wp-block-cover__inner-container has-global-padding is-layout-constrained wp-block-cover-is-layout-constrained\">\n<p class=\"has-text-align-center has-large-font-size\"><\/p>\n<\/div><\/div>\n\n\n\n<section class=\"wp-block-group alignfull intro-section has-moss-background-color has-background has-global-padding is-layout-constrained wp-block-group-is-layout-constrained\">\n<div class=\"wp-block-group inner-wrapper has-global-padding is-layout-constrained wp-block-group-is-layout-constrained\"><div class=\"wp-block-safe-svg-svg-icon safe-svg-cover\" style=\"text-align: center;\">\n\t\t\t\t<div class=\"safe-svg-inside safe-svg-inline\" style=\"width: 70px; height: 56px; background-color: var(--wp--preset--color--); color: var(--wp--preset--color--); padding-top: ; padding-right: ; padding-bottom: ; padding-left: ; margin-top: ; margin-right: ; margin-bottom: ; margin-left: ;\"><?xml version=\"1.0\" encoding=\"UTF-8\"?> <svg xmlns=\"http:\/\/www.w3.org\/2000\/svg\" xmlns:xlink=\"http:\/\/www.w3.org\/1999\/xlink\" id=\"Layer_1\" viewbox=\"0 0 70.01 56.77\"><defs><clippath id=\"clippath\"><rect x=\"0\" y=\"0\" width=\"70.01\" height=\"56.77\" style=\"fill:none;\"><\/rect><\/clippath><\/defs><g id=\"Group_63\"><g style=\"clip-path:url(#clippath);\"><g id=\"Group_5\"><path id=\"Path_17\" d=\"M39.12,22.23c.65-3.15,2.96-6.77,6.69-10.48,6.41-6.38,17.37-8.42,21.43-8.98-.56,4.07-2.63,15.05-9.04,21.43-3.72,3.7-7.37,5.99-10.55,6.6-1.93.46-3.97.1-5.63-1,2.87-2.42,5.59-5.02,8.14-7.78.48-.53.45-1.34-.08-1.83-.02-.02-.04-.04-.07-.06-.55-.42-1.33-.34-1.79.17-2.52,2.72-5.21,5.29-8.05,7.67-1.17-1.67-1.56-3.77-1.06-5.76M48.5,46.14c-3.72-.01-7.42-.34-11.09-.98.58-1.21,1.56-2.19,2.78-2.77,2.82-1.28,5.95-1.75,9.02-1.34,5.99.51,10.84,5.56,12.61,7.66-2.1,1.77-7.73,5.94-13.72,5.43-3.1-.11-6.1-1.1-8.67-2.84-1.21-.84-2.05-2.12-2.35-3.56,3.76.64,7.57.97,11.38.99h.01c.71,0,1.3-.57,1.3-1.29s-.57-1.3-1.29-1.3h0M13.25,29.7c-1.38-2.47-1.97-5.93-1.72-10.04.43-6.8,6.1-12.39,8.32-14.34,1.97,2.21,6.9,8.46,6.47,15.26-.26,4.1-1.28,7.47-2.95,9.74-.96,1.45-2.46,2.45-4.17,2.77.64-4.24.92-8.52.84-12.8,0-.71-.59-1.29-1.31-1.28s-1.29.59-1.28,1.31h0c.08,4.18-.2,8.36-.84,12.5-1.46-.61-2.66-1.72-3.37-3.14M45.92,33.56c.75,0,1.49-.08,2.23-.22,3.73-.72,7.73-3.18,11.88-7.31,8.62-8.58,9.93-23.98,9.98-24.64.06-.71-.47-1.33-1.18-1.39-.07,0-.14,0-.21,0-.65.05-16.01,1.33-24.63,9.91-4.15,4.13-6.65,8.1-7.4,11.8-.66,2.75-.08,5.65,1.59,7.93-6.35,5.04-13.09,9.58-20.16,13.56-.69.39-1.36.77-2.03,1.14,1.24-2.75,2.15-5.63,2.73-8.59,4.73-.18,9.54-4.76,10.18-14.99.6-9.64-7.69-17.78-8.04-18.12-.46-.44-1.17-.49-1.68-.11-.39.3-9.63,7.34-10.23,16.98-.59,9.46,2.96,14.57,7.19,15.89-.36,1.73-.82,3.43-1.4,5.1-.63,2.07-1.6,4.02-2.86,5.77h0c-.29.33-.63.6-1.02.8-5.94,3.05-10.01,4.75-10.07,4.78-.66.27-.97,1.03-.7,1.69.27.66,1.03.97,1.69.7,5.98-2.6,11.82-5.53,17.47-8.77,1.44-.82,2.97-1.72,4.57-2.69.91.72,4.1,2.91,10.62,4.43.13,4.3,4.21,8.73,13.44,9.52.42.03.83.05,1.25.05,8.2,0,15.07-6.69,15.37-6.99.45-.45.51-1.16.14-1.67-.26-.36-6.47-8.89-15.22-9.63-3.57-.45-7.19.11-10.45,1.63-1.9.93-3.38,2.54-4.13,4.52-3.04-.64-5.95-1.77-8.62-3.34,4.77-2.99,9.37-6.26,13.76-9.78,1.68,1.36,3.78,2.08,5.93,2.06\" style=\"fill:#fff;\"><\/path><\/g><\/g><\/g><\/svg> <\/div>\n\t\t\t<\/div>\n\n\n<h1 class=\"wp-block-heading has-text-align-center has-white-color has-text-color has-link-color wp-elements-75626cdf7bc73ff8469fc7bb12214055\">Good to know<\/h1>\n\n\n\n<p class=\"has-text-align-center has-white-color has-text-color has-link-color has-italiana-font-family has-medium-large-font-size wp-elements-cee58b578237ee38aa8b698f1a974b64\" data-aos=\"fade\" data-aos-duration=\"1000\">The best part: If you book early, you'll receive a 7% discount. Find out what else is important, available, or helpful.<\/p>\n<\/div>\n<\/section>\n\n\n\n<section class=\"wp-block-group alignfull has-earth-background-color has-background has-global-padding is-layout-constrained wp-block-group-is-layout-constrained\" style=\"padding-top:var(--wp--preset--spacing--50);padding-bottom:var(--wp--preset--spacing--50)\">\n<ul class=\"wp-block-list has-white-color has-text-color has-link-color wp-elements-f88fee7e37756fb7b68a16f0c7d12b62\" data-aos=\"fade\" data-aos-duration=\"950\">\n<li>Check-in: From <strong>4:00 PM<\/strong> Your booked apartment is ready for you. If you arrive after 6:00 PM, please let us know by phone (T: +43 664 5405091).<\/li>\n\n\n\n<li>Check-out: At <strong>9:30 a.m.<\/strong> It&#039;s time to say goodbye, at least for now. Please clear your luggage from the apartment by then.<\/li>\n\n\n\n<li>Kitchen equipment: dish brush and cloth, 4 dish soap tablets, 2 tea towels, dishwasher, oven, stove, toaster, Senseo coffee maker (please bring your favorite pads), garbage bags, dishes, and cooking utensils<\/li>\n\n\n\n<li>Bathroom amenities include one bath towel and two hand towels per person. Soap, shower gel, and shampoo are not provided; please bring your own.<\/li>\n\n\n\n<li>Bed linen per person, we change after 14 days<\/li>\n\n\n\n<li>Other amenities in the apartment: Blankets, high chair and cot on request<\/li>\n\n\n\n<li>For sports equipment: In-house ski room and garage for bicycles (no rental bikes on site)<\/li>\n\n\n\n<li class=\"translation-block\">Pets: We have many animals on the farm and ask for your understanding that we cannot accommodate pets in our apartments.<\/li>\n\n\n\n<li>Included in all stays: The <a href=\"https:\/\/www.saalfelden-leogang.com\/de\/region-erleben\/saalfelden-leogang-card\" target=\"_blank\" rel=\"noreferrer noopener\">Leogang Card<\/a> and the Salzburg Transport <a href=\"https:\/\/www.saalfelden-leogang.com\/de\/service-info\/nachhaltiges\/guestmobility\" target=\"_blank\" rel=\"noreferrer noopener\">Guest Mobility Ticket<\/a><\/li>\n\n\n\n<li>Early Bird Bonus: If you book up to 21 days in advance, you'll receive a 7% discount on the overnight rate. This offer is non-cancellable and non-refundable. There is no money-back guarantee, and you can only book it online (excluding local tax).<\/li>\n\n\n\n<li>Payment: A deposit of 30% of the total price is required for a confirmed reservation. The remaining amount must be transferred one week before arrival. Otherwise, payment is only possible in cash on site. Payment is due upon arrival or at the latest the evening before departure. The bank details will be sent with the reservation confirmation. Alternatively, you can use these bank details.<\/li>\n\n\n\n<li>Raiffeisenbank Pinzgau Mitte \/ Schwabl Michael and Marion<\/li>\n\n\n\n<li>Bank code 35053 \/ IBAN: AT14 3505 3000 3409 6362<\/li>\n\n\n\n<li>Cancellation policy: We hope not, but if you have to cancel, these are our cancellation policies:<br>up to 3 months before arrival \u2013 no cancellation fee<br>3 months to 1 month before arrival \u2013 40% cancellation fee<br>1 month to 1 week before arrival \u2013 70% cancellation fee<br>last week before arrival \u2013 90% cancellation fee<\/li>\n\n\n\n<li>Cancellation fees will be deducted from the total price. In the event of early departure or late arrival, the price stated in the booking will be charged.<\/li>\n<\/ul>\n<\/section>","protected":false},"excerpt":{"rendered":"<p>Gut zu wissen Das sch\u00f6nste Zuckerl gleich vorneweg: Wenn Du fr\u00fchzeitig buchst, erh\u00e4ltst Du 7% Erm\u00e4\u00dfigung. Was sonst noch wichtig, [&hellip;]<\/p>\n","protected":false},"author":1,"featured_media":0,"parent":32,"menu_order":3,"comment_status":"closed","ping_status":"closed","template":"","meta":{"_acf_changed":false,"pgc_sgb_lightbox_settings":"","footnotes":""},"class_list":["post-91","page","type-page","status-publish","hentry"],"acf":[],"yoast_head":"<!-- This site is optimized with the Yoast SEO plugin v27.2 - https:\/\/yoast.com\/product\/yoast-seo-wordpress\/ -->\n<title>Service &amp; Leistungen - Obergrundhof Appartements am Bauernhof<\/title>\n<meta name=\"robots\" content=\"index, follow, max-snippet:-1, max-image-preview:large, max-video-preview:-1\" \/>\n<link rel=\"canonical\" href=\"https:\/\/obergrundhof.at\/en\/unterkunft\/buchungsinformationen\/\" \/>\n<meta property=\"og:locale\" content=\"en_US\" \/>\n<meta property=\"og:type\" content=\"article\" \/>\n<meta property=\"og:title\" content=\"Service &amp; Leistungen - Obergrundhof Appartements am Bauernhof\" \/>\n<meta property=\"og:description\" content=\"Gut zu wissen Das sch\u00f6nste Zuckerl gleich vorneweg: Wenn Du fr\u00fchzeitig buchst, erh\u00e4ltst Du 7% Erm\u00e4\u00dfigung. Was sonst noch wichtig, [&hellip;]\" \/>\n<meta property=\"og:url\" content=\"https:\/\/obergrundhof.at\/en\/unterkunft\/buchungsinformationen\/\" \/>\n<meta property=\"og:site_name\" content=\"Obergrundhof Appartements am Bauernhof\" \/>\n<meta property=\"article:publisher\" content=\"https:\/\/www.facebook.com\/obergrundhof\/\" \/>\n<meta property=\"article:modified_time\" content=\"2026-03-10T07:07:20+00:00\" \/>\n<meta property=\"og:image\" content=\"https:\/\/obergrundhof.at\/wp-content\/uploads\/2026\/03\/obergrundhofoutdoorfotosweb54-1980x1668.jpg\" \/>\n\t<meta property=\"og:image:width\" content=\"1980\" \/>\n\t<meta property=\"og:image:height\" content=\"1668\" \/>\n\t<meta property=\"og:image:type\" content=\"image\/jpeg\" \/>\n<meta name=\"twitter:card\" content=\"summary_large_image\" \/>\n<meta name=\"twitter:label1\" content=\"Est. reading time\" \/>\n\t<meta name=\"twitter:data1\" content=\"3 minutes\" \/>\n<script type=\"application\/ld+json\" class=\"yoast-schema-graph\">{\"@context\":\"https:\/\/schema.org\",\"@graph\":[{\"@type\":\"WebPage\",\"@id\":\"https:\/\/obergrundhof.at\/unterkunft\/buchungsinformationen\/\",\"url\":\"https:\/\/obergrundhof.at\/unterkunft\/buchungsinformationen\/\",\"name\":\"Service & Leistungen - Obergrundhof Appartements am Bauernhof\",\"isPartOf\":{\"@id\":\"https:\/\/obergrundhof.at\/#website\"},\"primaryImageOfPage\":{\"@id\":\"https:\/\/obergrundhof.at\/unterkunft\/buchungsinformationen\/#primaryimage\"},\"image\":{\"@id\":\"https:\/\/obergrundhof.at\/unterkunft\/buchungsinformationen\/#primaryimage\"},\"thumbnailUrl\":\"https:\/\/obergrundhof.at\/wp-content\/uploads\/2026\/03\/obergrundhofoutdoorfotosweb54.jpg\",\"datePublished\":\"2025-04-30T13:54:13+00:00\",\"dateModified\":\"2026-03-10T07:07:20+00:00\",\"breadcrumb\":{\"@id\":\"https:\/\/obergrundhof.at\/unterkunft\/buchungsinformationen\/#breadcrumb\"},\"inLanguage\":\"en-US\",\"potentialAction\":[{\"@type\":\"ReadAction\",\"target\":[\"https:\/\/obergrundhof.at\/unterkunft\/buchungsinformationen\/\"]}]},{\"@type\":\"ImageObject\",\"inLanguage\":\"en-US\",\"@id\":\"https:\/\/obergrundhof.at\/unterkunft\/buchungsinformationen\/#primaryimage\",\"url\":\"https:\/\/obergrundhof.at\/wp-content\/uploads\/2026\/03\/obergrundhofoutdoorfotosweb54.jpg\",\"contentUrl\":\"https:\/\/obergrundhof.at\/wp-content\/uploads\/2026\/03\/obergrundhofoutdoorfotosweb54.jpg\"},{\"@type\":\"BreadcrumbList\",\"@id\":\"https:\/\/obergrundhof.at\/unterkunft\/buchungsinformationen\/#breadcrumb\",\"itemListElement\":[{\"@type\":\"ListItem\",\"position\":1,\"name\":\"Home\",\"item\":\"https:\/\/obergrundhof.at\/\"},{\"@type\":\"ListItem\",\"position\":2,\"name\":\"Appartements\",\"item\":\"https:\/\/obergrundhof.at\/unterkunft\/\"},{\"@type\":\"ListItem\",\"position\":3,\"name\":\"Gut zu wissen\"}]},{\"@type\":\"WebSite\",\"@id\":\"https:\/\/obergrundhof.at\/#website\",\"url\":\"https:\/\/obergrundhof.at\/\",\"name\":\"Obergrundhof Appartements am Bauernhof\",\"description\":\"\",\"publisher\":{\"@id\":\"https:\/\/obergrundhof.at\/#organization\"},\"potentialAction\":[{\"@type\":\"SearchAction\",\"target\":{\"@type\":\"EntryPoint\",\"urlTemplate\":\"https:\/\/obergrundhof.at\/?s={search_term_string}\"},\"query-input\":{\"@type\":\"PropertyValueSpecification\",\"valueRequired\":true,\"valueName\":\"search_term_string\"}}],\"inLanguage\":\"en-US\"},{\"@type\":\"Organization\",\"@id\":\"https:\/\/obergrundhof.at\/#organization\",\"name\":\"Obergrundhof Appartements am Bauernhof\",\"url\":\"https:\/\/obergrundhof.at\/\",\"logo\":{\"@type\":\"ImageObject\",\"inLanguage\":\"en-US\",\"@id\":\"https:\/\/obergrundhof.at\/#\/schema\/logo\/image\/\",\"url\":\"https:\/\/obergrundhof.at\/wp-content\/uploads\/2025\/04\/logoobergrundhof.svg\",\"contentUrl\":\"https:\/\/obergrundhof.at\/wp-content\/uploads\/2025\/04\/logoobergrundhof.svg\",\"width\":270,\"height\":123,\"caption\":\"Obergrundhof Appartements am Bauernhof\"},\"image\":{\"@id\":\"https:\/\/obergrundhof.at\/#\/schema\/logo\/image\/\"},\"sameAs\":[\"https:\/\/www.facebook.com\/obergrundhof\/\",\"https:\/\/www.instagram.com\/obergrundhof_\/\"]}]}<\/script>\n<!-- \/ Yoast SEO plugin. -->","yoast_head_json":{"title":"Services &amp; amenities - Obergrundhof Apartments on the farm","robots":{"index":"index","follow":"follow","max-snippet":"max-snippet:-1","max-image-preview":"max-image-preview:large","max-video-preview":"max-video-preview:-1"},"canonical":"https:\/\/obergrundhof.at\/en\/unterkunft\/buchungsinformationen\/","og_locale":"en_US","og_type":"article","og_title":"Service & Leistungen - Obergrundhof Appartements am Bauernhof","og_description":"Gut zu wissen Das sch\u00f6nste Zuckerl gleich vorneweg: Wenn Du fr\u00fchzeitig buchst, erh\u00e4ltst Du 7% Erm\u00e4\u00dfigung. Was sonst noch wichtig, [&hellip;]","og_url":"https:\/\/obergrundhof.at\/en\/unterkunft\/buchungsinformationen\/","og_site_name":"Obergrundhof Appartements am Bauernhof","article_publisher":"https:\/\/www.facebook.com\/obergrundhof\/","article_modified_time":"2026-03-10T07:07:20+00:00","og_image":[{"width":1980,"height":1668,"url":"https:\/\/obergrundhof.at\/wp-content\/uploads\/2026\/03\/obergrundhofoutdoorfotosweb54-1980x1668.jpg","type":"image\/jpeg"}],"twitter_card":"summary_large_image","twitter_misc":{"Est. reading time":"3 minutes"},"schema":{"@context":"https:\/\/schema.org","@graph":[{"@type":"WebPage","@id":"https:\/\/obergrundhof.at\/unterkunft\/buchungsinformationen\/","url":"https:\/\/obergrundhof.at\/unterkunft\/buchungsinformationen\/","name":"Services &amp; amenities - Obergrundhof Apartments on the farm","isPartOf":{"@id":"https:\/\/obergrundhof.at\/#website"},"primaryImageOfPage":{"@id":"https:\/\/obergrundhof.at\/unterkunft\/buchungsinformationen\/#primaryimage"},"image":{"@id":"https:\/\/obergrundhof.at\/unterkunft\/buchungsinformationen\/#primaryimage"},"thumbnailUrl":"https:\/\/obergrundhof.at\/wp-content\/uploads\/2026\/03\/obergrundhofoutdoorfotosweb54.jpg","datePublished":"2025-04-30T13:54:13+00:00","dateModified":"2026-03-10T07:07:20+00:00","breadcrumb":{"@id":"https:\/\/obergrundhof.at\/unterkunft\/buchungsinformationen\/#breadcrumb"},"inLanguage":"en-US","potentialAction":[{"@type":"ReadAction","target":["https:\/\/obergrundhof.at\/unterkunft\/buchungsinformationen\/"]}]},{"@type":"ImageObject","inLanguage":"en-US","@id":"https:\/\/obergrundhof.at\/unterkunft\/buchungsinformationen\/#primaryimage","url":"https:\/\/obergrundhof.at\/wp-content\/uploads\/2026\/03\/obergrundhofoutdoorfotosweb54.jpg","contentUrl":"https:\/\/obergrundhof.at\/wp-content\/uploads\/2026\/03\/obergrundhofoutdoorfotosweb54.jpg"},{"@type":"BreadcrumbList","@id":"https:\/\/obergrundhof.at\/unterkunft\/buchungsinformationen\/#breadcrumb","itemListElement":[{"@type":"ListItem","position":1,"name":"Home","item":"https:\/\/obergrundhof.at\/"},{"@type":"ListItem","position":2,"name":"Appartements","item":"https:\/\/obergrundhof.at\/unterkunft\/"},{"@type":"ListItem","position":3,"name":"Gut zu wissen"}]},{"@type":"WebSite","@id":"https:\/\/obergrundhof.at\/#website","url":"https:\/\/obergrundhof.at\/","name":"Obergrundhof Apartments on the Farm","description":"","publisher":{"@id":"https:\/\/obergrundhof.at\/#organization"},"potentialAction":[{"@type":"SearchAction","target":{"@type":"EntryPoint","urlTemplate":"https:\/\/obergrundhof.at\/?s={search_term_string}"},"query-input":{"@type":"PropertyValueSpecification","valueRequired":true,"valueName":"search_term_string"}}],"inLanguage":"en-US"},{"@type":"Organization","@id":"https:\/\/obergrundhof.at\/#organization","name":"Obergrundhof Apartments on the Farm","url":"https:\/\/obergrundhof.at\/","logo":{"@type":"ImageObject","inLanguage":"en-US","@id":"https:\/\/obergrundhof.at\/#\/schema\/logo\/image\/","url":"https:\/\/obergrundhof.at\/wp-content\/uploads\/2025\/04\/logoobergrundhof.svg","contentUrl":"https:\/\/obergrundhof.at\/wp-content\/uploads\/2025\/04\/logoobergrundhof.svg","width":270,"height":123,"caption":"Obergrundhof Appartements am Bauernhof"},"image":{"@id":"https:\/\/obergrundhof.at\/#\/schema\/logo\/image\/"},"sameAs":["https:\/\/www.facebook.com\/obergrundhof\/","https:\/\/www.instagram.com\/obergrundhof_\/"]}]}},"_links":{"self":[{"href":"https:\/\/obergrundhof.at\/en\/wp-json\/wp\/v2\/pages\/91","targetHints":{"allow":["GET"]}}],"collection":[{"href":"https:\/\/obergrundhof.at\/en\/wp-json\/wp\/v2\/pages"}],"about":[{"href":"https:\/\/obergrundhof.at\/en\/wp-json\/wp\/v2\/types\/page"}],"author":[{"embeddable":true,"href":"https:\/\/obergrundhof.at\/en\/wp-json\/wp\/v2\/users\/1"}],"replies":[{"embeddable":true,"href":"https:\/\/obergrundhof.at\/en\/wp-json\/wp\/v2\/comments?post=91"}],"version-history":[{"count":5,"href":"https:\/\/obergrundhof.at\/en\/wp-json\/wp\/v2\/pages\/91\/revisions"}],"predecessor-version":[{"id":689,"href":"https:\/\/obergrundhof.at\/en\/wp-json\/wp\/v2\/pages\/91\/revisions\/689"}],"up":[{"embeddable":true,"href":"https:\/\/obergrundhof.at\/en\/wp-json\/wp\/v2\/pages\/32"}],"wp:attachment":[{"href":"https:\/\/obergrundhof.at\/en\/wp-json\/wp\/v2\/media?parent=91"}],"curies":[{"name":"wp","href":"https:\/\/api.w.org\/{rel}","templated":true}]}}